{"id":113,"date":"2024-05-24T20:24:43","date_gmt":"2024-05-24T20:24:43","guid":{"rendered":"https:\/\/sopriv.ch\/?page_id=113"},"modified":"2024-05-31T09:42:36","modified_gmt":"2024-05-31T09:42:36","slug":"impressum","status":"publish","type":"page","link":"https:\/\/sopriv.ch\/index.php\/impressum\/","title":{"rendered":"Impressum"},"content":{"rendered":"<p>[et_pb_section fb_built=&#8220;1&#8243; custom_padding_last_edited=&#8220;on|phone&#8220; admin_label=&#8220;Header&#8220; _builder_version=&#8220;4.16&#8243; _module_preset=&#8220;default&#8220; background_color=&#8220;#3d4840&#8243; background_image=&#8220;https:\/\/sopriv.ch\/wp-content\/uploads\/2024\/05\/realtor-001.png&#8220; custom_margin=&#8220;||100px||false|false&#8220; custom_margin_tablet=&#8220;||0px||false|false&#8220; custom_margin_phone=&#8220;&#8220; custom_margin_last_edited=&#8220;on|phone&#8220; custom_padding=&#8220;0px||120px||false|false&#8220; custom_padding_tablet=&#8220;||0px||false|false&#8220; custom_padding_phone=&#8220;&#8220; locked=&#8220;off&#8220; global_colors_info=&#8220;{}&#8220;][et_pb_row column_structure=&#8220;1_2,1_2&#8243; make_equal=&#8220;on&#8220; _builder_version=&#8220;4.16&#8243; _module_preset=&#8220;default&#8220; custom_padding=&#8220;0px||||false|false&#8220; global_colors_info=&#8220;{}&#8220;][et_pb_column type=&#8220;1_2&#8243; _builder_version=&#8220;4.16&#8243; _module_preset=&#8220;default&#8220; custom_padding=&#8220;120px||||false|false&#8220; custom_padding_tablet=&#8220;&#8220; custom_padding_phone=&#8220;&#8220; custom_padding_last_edited=&#8220;on|desktop&#8220; global_colors_info=&#8220;{}&#8220;][et_pb_text _builder_version=&#8220;4.25.1&#8243; _module_preset=&#8220;default&#8220; text_font_size=&#8220;16px&#8220; text_line_height=&#8220;2.2em&#8220; header_font=&#8220;Merriweather|300|||||||&#8220; header_font_size=&#8220;74px&#8220; header_line_height=&#8220;1.4em&#8220; header_2_font=&#8220;Merriweather|700|||||||&#8220; header_2_text_color=&#8220;#b4926b&#8220; header_2_font_size=&#8220;74px&#8220; header_2_line_height=&#8220;1.4em&#8220; header_3_font=&#8220;|700||on|||||&#8220; header_3_font_size=&#8220;14px&#8220; header_3_letter_spacing=&#8220;4px&#8220; header_3_line_height=&#8220;1.4em&#8220; background_layout=&#8220;dark&#8220; header_font_size_tablet=&#8220;54px&#8220; header_font_size_phone=&#8220;34px&#8220; header_font_size_last_edited=&#8220;on|phone&#8220; header_2_font_size_tablet=&#8220;54px&#8220; header_2_font_size_phone=&#8220;34px&#8220; header_2_font_size_last_edited=&#8220;on|phone&#8220; global_colors_info=&#8220;{}&#8220;]<\/p>\n<h3>SOPRIV AG<\/h3>\n<h1>Impressum<\/h1>\n<p>[\/et_pb_text][\/et_pb_column][et_pb_column type=&#8220;1_2&#8243; _builder_version=&#8220;4.16&#8243; _module_preset=&#8220;default&#8220; background_color=&#8220;#b4926b&#8220; use_background_color_gradient=&#8220;on&#8220; background_color_gradient_direction=&#8220;90deg&#8220; background_color_gradient_stops=&#8220;#3d4840 10%|rgba(0,0,0,0) 10%&#8220; background_color_gradient_start=&#8220;#3d4840&#8243; background_color_gradient_start_position=&#8220;10%&#8220; background_color_gradient_end=&#8220;rgba(0,0,0,0)&#8220; background_color_gradient_end_position=&#8220;10%&#8220; background_image=&#8220;https:\/\/sopriv.ch\/wp-content\/uploads\/2024\/05\/realtor-017.png&#8220; custom_padding=&#8220;120px|50px|50px||false|false&#8220; custom_padding_tablet=&#8220;50px||50px||true|false&#8220; custom_padding_phone=&#8220;20px|20px|20px||true|false&#8220; custom_padding_last_edited=&#8220;on|tablet&#8220; global_colors_info=&#8220;{}&#8220;][et_pb_image src=&#8220;https:\/\/sopriv.ch\/wp-content\/uploads\/2024\/05\/real-estate-23-819&#215;1024-1.jpg&#8220; title_text=&#8220;real-estate-23-819&#215;1024-1&#8243; _builder_version=&#8220;4.25.1&#8243; _module_preset=&#8220;default&#8220; custom_margin=&#8220;||-280px||false|false&#8220; custom_margin_tablet=&#8220;||0px||false|false&#8220; custom_margin_phone=&#8220;&#8220; custom_margin_last_edited=&#8220;on|tablet&#8220; box_shadow_style=&#8220;preset2&#8243; box_shadow_horizontal=&#8220;56px&#8220; box_shadow_vertical=&#8220;56px&#8220; box_shadow_blur=&#8220;56px&#8220; global_colors_info=&#8220;{}&#8220;][\/et_pb_image][\/et_pb_column][\/et_pb_row][\/et_pb_section][et_pb_section fb_built=&#8220;1&#8243; _builder_version=&#8220;4.16&#8243; _module_preset=&#8220;default&#8220; global_colors_info=&#8220;{}&#8220;][et_pb_row column_structure=&#8220;1_2,1_2&#8243; _builder_version=&#8220;4.25.1&#8243; _module_preset=&#8220;default&#8220; global_colors_info=&#8220;{}&#8220;][et_pb_column type=&#8220;1_2&#8243; _builder_version=&#8220;4.16&#8243; _module_preset=&#8220;default&#8220; global_colors_info=&#8220;{}&#8220;][et_pb_text _builder_version=&#8220;4.25.1&#8243; _module_preset=&#8220;default&#8220; text_font_size=&#8220;16px&#8220; text_line_height=&#8220;2.2em&#8220; header_2_font=&#8220;Merriweather|300|||||||&#8220; header_2_font_size=&#8220;74px&#8220; header_2_line_height=&#8220;1.4em&#8220; header_3_font=&#8220;|700||on|||||&#8220; header_3_font_size=&#8220;14px&#8220; header_3_letter_spacing=&#8220;4px&#8220; header_3_line_height=&#8220;1.4em&#8220; hover_enabled=&#8220;0&#8243; header_2_font_size_tablet=&#8220;54px&#8220; header_2_font_size_phone=&#8220;34px&#8220; header_2_font_size_last_edited=&#8220;on|phone&#8220; locked=&#8220;off&#8220; global_colors_info=&#8220;{}&#8220; sticky_enabled=&#8220;0&#8243;]<\/p>\n<div><strong>SOPRIV AG<\/strong><br \/>Schaffhauserstrasse 550<\/div>\n<div>8052 Z\u00fcrich<\/div>\n<div><\/div>\n<div>info(at)sopriv.ch<\/div>\n<div><\/div>\n<div><span>UID Nr. CHE-114.279.085<\/span><\/div>\n<p>[\/et_pb_text][\/et_pb_column][et_pb_column type=&#8220;1_2&#8243; _builder_version=&#8220;4.16&#8243; _module_preset=&#8220;default&#8220; global_colors_info=&#8220;{}&#8220;][et_pb_text _builder_version=&#8220;4.25.1&#8243; _module_preset=&#8220;default&#8220; text_font_size=&#8220;16px&#8220; text_line_height=&#8220;2.2em&#8220; header_2_font=&#8220;Merriweather|300|||||||&#8220; header_2_font_size=&#8220;74px&#8220; header_2_line_height=&#8220;1.4em&#8220; header_3_font=&#8220;|700||on|||||&#8220; header_3_font_size=&#8220;14px&#8220; header_3_letter_spacing=&#8220;4px&#8220; header_3_line_height=&#8220;1.4em&#8220; header_2_font_size_tablet=&#8220;54px&#8220; header_2_font_size_phone=&#8220;34px&#8220; header_2_font_size_last_edited=&#8220;on|phone&#8220; locked=&#8220;off&#8220; global_colors_info=&#8220;{}&#8220;]<\/p>\n<div><span>Verwaltungsratspr\u00e4sident: Bruno V. Oriella<br \/>Verwaltungsrat: Roland Weber<\/span><\/div>\n<p>[\/et_pb_text][et_pb_text _builder_version=&#8220;4.25.1&#8243; _module_preset=&#8220;default&#8220; text_font_size=&#8220;16px&#8220; text_line_height=&#8220;2.2em&#8220; header_2_font=&#8220;Merriweather|300|||||||&#8220; header_2_font_size=&#8220;74px&#8220; header_2_line_height=&#8220;1.4em&#8220; header_3_font=&#8220;|700||on|||||&#8220; header_3_font_size=&#8220;14px&#8220; header_3_letter_spacing=&#8220;4px&#8220; header_3_line_height=&#8220;1.4em&#8220; link_option_url=&#8220;https:\/\/sopriv.ch\/index.php\/datenschutzrichtlinie\/&#8220; link_option_url_new_window=&#8220;on&#8220; header_2_font_size_tablet=&#8220;54px&#8220; header_2_font_size_phone=&#8220;34px&#8220; header_2_font_size_last_edited=&#8220;on|phone&#8220; locked=&#8220;off&#8220; global_colors_info=&#8220;{}&#8220;]<\/p>\n<div>Datenschutzrichtlinie<\/div>\n<p>[\/et_pb_text][\/et_pb_column][\/et_pb_row][\/et_pb_section]<\/p>\n","protected":false},"excerpt":{"rendered":"<p>SOPRIV AG ImpressumSOPRIV AGSchaffhauserstrasse 550 8052 Z\u00fcrich info(at)sopriv.ch UID Nr. CHE-114.279.085Verwaltungsratspr\u00e4sident: Bruno V. OriellaVerwaltungsrat: Roland WeberDatenschutzrichtlinie<\/p>\n","protected":false},"author":2,"featured_media":0,"parent":0,"menu_order":0,"comment_status":"closed","ping_status":"closed","template":"","meta":{"_et_pb_use_builder":"on","_et_pb_old_content":"","_et_gb_content_width":"","footnotes":""},"yoast_head":"<!-- This site is optimized with the Yoast SEO plugin v24.5 - https:\/\/yoast.com\/wordpress\/plugins\/seo\/ -->\n<title>Impressum - SOPRIV AG, Z\u00dcRICH<\/title>\n<meta name=\"robots\" content=\"index, follow, max-snippet:-1, max-image-preview:large, max-video-preview:-1\" \/>\n<link rel=\"canonical\" href=\"https:\/\/sopriv.ch\/index.php\/impressum\/\" \/>\n<meta property=\"og:locale\" content=\"de_DE\" \/>\n<meta property=\"og:type\" content=\"article\" \/>\n<meta property=\"og:title\" content=\"Impressum - SOPRIV AG, Z\u00dcRICH\" \/>\n<meta property=\"og:description\" content=\"SOPRIV AG ImpressumSOPRIV AGSchaffhauserstrasse 550 8052 Z\u00fcrich info(at)sopriv.ch UID Nr. CHE-114.279.085Verwaltungsratspr\u00e4sident: Bruno V. OriellaVerwaltungsrat: Roland WeberDatenschutzrichtlinie\" \/>\n<meta property=\"og:url\" content=\"https:\/\/sopriv.ch\/index.php\/impressum\/\" \/>\n<meta property=\"og:site_name\" content=\"SOPRIV AG, Z\u00dcRICH\" \/>\n<meta property=\"article:modified_time\" content=\"2024-05-31T09:42:36+00:00\" \/>\n<meta name=\"twitter:card\" content=\"summary_large_image\" \/>\n<meta name=\"twitter:label1\" content=\"Gesch\u00e4tzte Lesezeit\" \/>\n\t<meta name=\"twitter:data1\" content=\"4\u00a0Minuten\" \/>\n<script type=\"application\/ld+json\" class=\"yoast-schema-graph\">{\"@context\":\"https:\/\/schema.org\",\"@graph\":[{\"@type\":\"WebPage\",\"@id\":\"https:\/\/sopriv.ch\/index.php\/impressum\/\",\"url\":\"https:\/\/sopriv.ch\/index.php\/impressum\/\",\"name\":\"Impressum - SOPRIV AG, Z\u00dcRICH\",\"isPartOf\":{\"@id\":\"https:\/\/sopriv.ch\/#website\"},\"datePublished\":\"2024-05-24T20:24:43+00:00\",\"dateModified\":\"2024-05-31T09:42:36+00:00\",\"breadcrumb\":{\"@id\":\"https:\/\/sopriv.ch\/index.php\/impressum\/#breadcrumb\"},\"inLanguage\":\"de\",\"potentialAction\":[{\"@type\":\"ReadAction\",\"target\":[\"https:\/\/sopriv.ch\/index.php\/impressum\/\"]}]},{\"@type\":\"BreadcrumbList\",\"@id\":\"https:\/\/sopriv.ch\/index.php\/impressum\/#breadcrumb\",\"itemListElement\":[{\"@type\":\"ListItem\",\"position\":1,\"name\":\"Home\",\"item\":\"https:\/\/sopriv.ch\/\"},{\"@type\":\"ListItem\",\"position\":2,\"name\":\"Impressum\"}]},{\"@type\":\"WebSite\",\"@id\":\"https:\/\/sopriv.ch\/#website\",\"url\":\"https:\/\/sopriv.ch\/\",\"name\":\"SOPRIV AG, Z\u00dcRICH\",\"description\":\"Immobilien kaufen, verkaufen und verwalten\",\"potentialAction\":[{\"@type\":\"SearchAction\",\"target\":{\"@type\":\"EntryPoint\",\"urlTemplate\":\"https:\/\/sopriv.ch\/?s={search_term_string}\"},\"query-input\":{\"@type\":\"PropertyValueSpecification\",\"valueRequired\":true,\"valueName\":\"search_term_string\"}}],\"inLanguage\":\"de\"}]}<\/script>\n<!-- \/ Yoast SEO plugin. -->","yoast_head_json":{"title":"Impressum - SOPRIV AG, Z\u00dcRICH","robots":{"index":"index","follow":"follow","max-snippet":"max-snippet:-1","max-image-preview":"max-image-preview:large","max-video-preview":"max-video-preview:-1"},"canonical":"https:\/\/sopriv.ch\/index.php\/impressum\/","og_locale":"de_DE","og_type":"article","og_title":"Impressum - SOPRIV AG, Z\u00dcRICH","og_description":"SOPRIV AG ImpressumSOPRIV AGSchaffhauserstrasse 550 8052 Z\u00fcrich info(at)sopriv.ch UID Nr. CHE-114.279.085Verwaltungsratspr\u00e4sident: Bruno V. OriellaVerwaltungsrat: Roland WeberDatenschutzrichtlinie","og_url":"https:\/\/sopriv.ch\/index.php\/impressum\/","og_site_name":"SOPRIV AG, Z\u00dcRICH","article_modified_time":"2024-05-31T09:42:36+00:00","twitter_card":"summary_large_image","twitter_misc":{"Gesch\u00e4tzte Lesezeit":"4\u00a0Minuten"},"schema":{"@context":"https:\/\/schema.org","@graph":[{"@type":"WebPage","@id":"https:\/\/sopriv.ch\/index.php\/impressum\/","url":"https:\/\/sopriv.ch\/index.php\/impressum\/","name":"Impressum - SOPRIV AG, Z\u00dcRICH","isPartOf":{"@id":"https:\/\/sopriv.ch\/#website"},"datePublished":"2024-05-24T20:24:43+00:00","dateModified":"2024-05-31T09:42:36+00:00","breadcrumb":{"@id":"https:\/\/sopriv.ch\/index.php\/impressum\/#breadcrumb"},"inLanguage":"de","potentialAction":[{"@type":"ReadAction","target":["https:\/\/sopriv.ch\/index.php\/impressum\/"]}]},{"@type":"BreadcrumbList","@id":"https:\/\/sopriv.ch\/index.php\/impressum\/#breadcrumb","itemListElement":[{"@type":"ListItem","position":1,"name":"Home","item":"https:\/\/sopriv.ch\/"},{"@type":"ListItem","position":2,"name":"Impressum"}]},{"@type":"WebSite","@id":"https:\/\/sopriv.ch\/#website","url":"https:\/\/sopriv.ch\/","name":"SOPRIV AG, Z\u00dcRICH","description":"Immobilien kaufen, verkaufen und verwalten","potentialAction":[{"@type":"SearchAction","target":{"@type":"EntryPoint","urlTemplate":"https:\/\/sopriv.ch\/?s={search_term_string}"},"query-input":{"@type":"PropertyValueSpecification","valueRequired":true,"valueName":"search_term_string"}}],"inLanguage":"de"}]}},"jetpack_sharing_enabled":true,"_links":{"self":[{"href":"https:\/\/sopriv.ch\/index.php\/wp-json\/wp\/v2\/pages\/113"}],"collection":[{"href":"https:\/\/sopriv.ch\/index.php\/wp-json\/wp\/v2\/pages"}],"about":[{"href":"https:\/\/sopriv.ch\/index.php\/wp-json\/wp\/v2\/types\/page"}],"author":[{"embeddable":true,"href":"https:\/\/sopriv.ch\/index.php\/wp-json\/wp\/v2\/users\/2"}],"replies":[{"embeddable":true,"href":"https:\/\/sopriv.ch\/index.php\/wp-json\/wp\/v2\/comments?post=113"}],"version-history":[{"count":13,"href":"https:\/\/sopriv.ch\/index.php\/wp-json\/wp\/v2\/pages\/113\/revisions"}],"predecessor-version":[{"id":167,"href":"https:\/\/sopriv.ch\/index.php\/wp-json\/wp\/v2\/pages\/113\/revisions\/167"}],"wp:attachment":[{"href":"https:\/\/sopriv.ch\/index.php\/wp-json\/wp\/v2\/media?parent=113"}],"curies":[{"name":"wp","href":"https:\/\/api.w.org\/{rel}","templated":true}]}}