{"id":28,"date":"2024-05-15T08:00:09","date_gmt":"2024-05-15T08:00:09","guid":{"rendered":"https:\/\/sopriv.ch\/?page_id=28"},"modified":"2024-05-26T07:15:19","modified_gmt":"2024-05-26T07:15:19","slug":"home","status":"publish","type":"page","link":"https:\/\/sopriv.ch\/","title":{"rendered":"Home"},"content":{"rendered":"<p>[et_pb_section fb_built=&#8220;1&#8243; admin_label=&#8220;Header&#8220; _builder_version=&#8220;4.25.1&#8243; _module_preset=&#8220;default&#8220; background_color=&#8220;#7090AE&#8220; background_image=&#8220;https:\/\/sopriv.ch\/wp-content\/uploads\/2024\/05\/sopriv-1024&#215;768-1.jpg&#8220; background_size=&#8220;custom&#8220; background_image_width=&#8220;50%&#8220; background_position=&#8220;bottom_left&#8220; background_enable_pattern_style=&#8220;on&#8220; background_pattern_style=&#8220;honeycomb&#8220; background_pattern_color=&#8220;rgba(255,255,255,0.03)&#8220; overflow-x=&#8220;hidden&#8220; overflow-y=&#8220;hidden&#8220; custom_padding=&#8220;10%||10%||true|false&#8220; background_last_edited=&#8220;on|tablet&#8220; background_size_tablet=&#8220;cover&#8220; background_position_tablet=&#8220;center&#8220; locked=&#8220;off&#8220; collapsed=&#8220;off&#8220; global_colors_info=&#8220;{}&#8220;][et_pb_row column_structure=&#8220;3_5,2_5&#8243; use_custom_gutter=&#8220;on&#8220; gutter_width=&#8220;1&#8243; _builder_version=&#8220;4.18.0&#8243; _module_preset=&#8220;default&#8220; custom_padding=&#8220;0px||0px||true|false&#8220; global_colors_info=&#8220;{}&#8220;][et_pb_column type=&#8220;3_5&#8243; _builder_version=&#8220;4.18.0&#8243; _module_preset=&#8220;default&#8220; background_color=&#8220;#FFFFFF&#8220; custom_padding=&#8220;50px|50px|50px|50px|true|true&#8220; custom_padding_tablet=&#8220;30px|30px|30px|30px|true|true&#8220; custom_padding_phone=&#8220;20px|20px|20px|20px|true|true&#8220; custom_padding_last_edited=&#8220;on|desktop&#8220; global_colors_info=&#8220;{}&#8220;][et_pb_text _builder_version=&#8220;4.25.1&#8243; _module_preset=&#8220;e6504a1b-67eb-4b3d-b023-bcab277610b6&#8243; header_4_font=&#8220;Ubuntu|700||on|||||&#8220; header_4_text_color=&#8220;#7090AE&#8220; header_4_font_size=&#8220;14px&#8220; header_4_line_height=&#8220;1.5em&#8220; custom_margin=&#8220;||0px||false|false&#8220; global_colors_info=&#8220;{}&#8220;]<\/p>\n<h4>SOPRIV AG<\/h4>\n<p>[\/et_pb_text][et_pb_text _builder_version=&#8220;4.25.1&#8243; _module_preset=&#8220;c16985e1-e0d6-4022-964d-e2bfc04fa633&#8243; header_font=&#8220;Playfair Display|700|||||||&#8220; header_text_color=&#8220;#000000&#8243; header_font_size=&#8220;60px&#8220; header_line_height=&#8220;1.1em&#8220; custom_margin=&#8220;||30px||false|false&#8220; header_font_size_tablet=&#8220;40px&#8220; header_font_size_phone=&#8220;24px&#8220; header_font_size_last_edited=&#8220;on|desktop&#8220; locked=&#8220;off&#8220; global_colors_info=&#8220;{}&#8220;]<\/p>\n<h1>Private Immobilienfirma mit individuellem Service<\/h1>\n<p>[\/et_pb_text][\/et_pb_column][et_pb_column type=&#8220;2_5&#8243; _builder_version=&#8220;4.18.0&#8243; _module_preset=&#8220;default&#8220; background_color=&#8220;#000000&#8243; transform_scale_tablet=&#8220;&#8220; transform_scale_phone=&#8220;&#8220; transform_scale_last_edited=&#8220;on|tablet&#8220; transform_translate=&#8220;14%|40%&#8220; transform_translate_tablet=&#8220;14%|0%&#8220; transform_translate_phone=&#8220;14%|0%&#8220; transform_translate_last_edited=&#8220;on|tablet&#8220; transform_translate_linked=&#8220;off&#8220; transform_rotate_tablet=&#8220;&#8220; transform_rotate_phone=&#8220;&#8220; transform_rotate_last_edited=&#8220;on|tablet&#8220; transform_skew_tablet=&#8220;&#8220; transform_skew_phone=&#8220;&#8220; transform_skew_last_edited=&#8220;on|tablet&#8220; transform_origin_tablet=&#8220;&#8220; transform_origin_phone=&#8220;&#8220; transform_origin_last_edited=&#8220;on|tablet&#8220; transform_styles_last_edited=&#8220;on|tablet&#8220; custom_padding=&#8220;50px|50px|50px|50px|true|true&#8220; custom_padding_tablet=&#8220;30px|30px|30px|30px|true|true&#8220; custom_padding_phone=&#8220;20px|20px|20px|20px|true|true&#8220; custom_padding_last_edited=&#8220;on|desktop&#8220; transform_styles_tablet=&#8220;&#8220; transform_styles_phone=&#8220;&#8220; global_colors_info=&#8220;{}&#8220;][et_pb_image src=&#8220;https:\/\/sopriv.ch\/wp-content\/uploads\/2024\/05\/real-estate-16-150&#215;150-1.jpg&#8220; title_text=&#8220;real-estate-16&#8243; _builder_version=&#8220;4.25.1&#8243; _module_preset=&#8220;default&#8220; width=&#8220;60px&#8220; border_radii=&#8220;on|200px|200px|200px|200px&#8220; locked=&#8220;off&#8220; global_colors_info=&#8220;{}&#8220;][\/et_pb_image][et_pb_text _builder_version=&#8220;4.25.1&#8243; _module_preset=&#8220;518880c8-46c7-4ffa-b5a6-93ffa99dcc17&#8243; text_font=&#8220;Nanum Gothic||||||||&#8220; text_text_color=&#8220;#FFFFFF&#8220; text_font_size=&#8220;18px&#8220; text_line_height=&#8220;1.6em&#8220; link_text_color=&#8220;#7090AE&#8220; custom_margin=&#8220;||30px||false|false&#8220; text_font_size_tablet=&#8220;16px&#8220; text_font_size_phone=&#8220;14px&#8220; text_font_size_last_edited=&#8220;on|phone&#8220; global_colors_info=&#8220;{}&#8220;]Wir sind auf die Anlage von Privatverm\u00f6gen im Immobilienbereich spezialisiert und kaufen und bewirtschaften Immobilien.<br \/>\n[\/et_pb_text][et_pb_button button_url=&#8220;https:\/\/sopriv.ch\/index.php\/kontakt\/&#8220; button_text=&#8220;Kontaktieren Sie uns&#8220; _builder_version=&#8220;4.25.1&#8243; _module_preset=&#8220;31b4f027-aaa0-4f2f-ae02-959764e19e4f&#8220; custom_button=&#8220;on&#8220; button_text_size=&#8220;14px&#8220; button_text_color=&#8220;#FFFFFF&#8220; button_bg_color=&#8220;#7090AE&#8220; button_border_width=&#8220;0px&#8220; button_border_radius=&#8220;0px&#8220; button_font=&#8220;Ubuntu|700||on|||||&#8220; custom_padding=&#8220;16px|24px|16px|24px|true|true&#8220; global_colors_info=&#8220;{}&#8220;][\/et_pb_button][\/et_pb_column][\/et_pb_row][\/et_pb_section][et_pb_section fb_built=&#8220;1&#8243; admin_label=&#8220;Neighborhoods&#8220; _builder_version=&#8220;4.18.0&#8243; _module_preset=&#8220;default&#8220; custom_padding=&#8220;0px||0px||true|&#8220; locked=&#8220;off&#8220; global_colors_info=&#8220;{}&#8220;][\/et_pb_section][et_pb_section fb_built=&#8220;1&#8243; admin_label=&#8220;How It Works&#8220; _builder_version=&#8220;4.18.0&#8243; _module_preset=&#8220;default&#8220; collapsed=&#8220;on&#8220; global_colors_info=&#8220;{}&#8220;][et_pb_row _builder_version=&#8220;4.18.0&#8243; _module_preset=&#8220;default&#8220; custom_padding=&#8220;||0px||false|false&#8220; global_colors_info=&#8220;{}&#8220;][et_pb_column type=&#8220;4_4&#8243; _builder_version=&#8220;4.18.0&#8243; _module_preset=&#8220;default&#8220; global_colors_info=&#8220;{}&#8220;][et_pb_text _builder_version=&#8220;4.25.1&#8243; _module_preset=&#8220;e6504a1b-67eb-4b3d-b023-bcab277610b6&#8243; header_4_font=&#8220;Ubuntu|700||on|||||&#8220; header_4_text_color=&#8220;#7090AE&#8220; header_4_font_size=&#8220;14px&#8220; header_4_line_height=&#8220;1.5em&#8220; custom_margin=&#8220;||0px||false|false&#8220; global_colors_info=&#8220;{}&#8220;]<\/p>\n<h4>Aktuell<\/h4>\n<p>[\/et_pb_text][\/et_pb_column][\/et_pb_row][et_pb_row column_structure=&#8220;1_2,1_2&#8243; _builder_version=&#8220;4.18.0&#8243; _module_preset=&#8220;default&#8220; global_colors_info=&#8220;{}&#8220;][et_pb_column type=&#8220;1_2&#8243; _builder_version=&#8220;4.18.0&#8243; _module_preset=&#8220;default&#8220; global_colors_info=&#8220;{}&#8220;][et_pb_text _builder_version=&#8220;4.25.1&#8243; _module_preset=&#8220;b327cbe4-b1d5-4b66-ad37-40c8f2f061ba&#8220; header_2_font=&#8220;Playfair Display|700|||||||&#8220; header_2_text_color=&#8220;#000000&#8243; header_2_font_size=&#8220;45px&#8220; header_2_line_height=&#8220;1.35em&#8220; header_2_font_size_tablet=&#8220;32px&#8220; header_2_font_size_phone=&#8220;20px&#8220; header_2_font_size_last_edited=&#8220;on|desktop&#8220; global_colors_info=&#8220;{}&#8220;]<\/p>\n<h2>Wir suchen ein zentralgelegenes kleines Objekt mit einem Ladenlokal in Z\u00fcrich oder Winterthur<\/h2>\n<p>[\/et_pb_text][et_pb_button button_url=&#8220;https:\/\/sopriv.ch\/index.php\/kontakt\/&#8220; button_text=&#8220;Kontaktieren Sie uns&#8220; _builder_version=&#8220;4.25.1&#8243; _module_preset=&#8220;3117bc07-6a8a-4679-b3bb-b6ed74b48a2f&#8220; custom_button=&#8220;on&#8220; button_text_size=&#8220;14px&#8220; button_text_color=&#8220;#7090AE&#8220; button_bg_color=&#8220;#E6EEF2&#8243; button_border_width=&#8220;0px&#8220; button_border_radius=&#8220;0px&#8220; button_font=&#8220;Ubuntu|700||on|||||&#8220; custom_padding=&#8220;16px|24px|16px|24px|true|true&#8220; global_colors_info=&#8220;{}&#8220;][\/et_pb_button][\/et_pb_column][et_pb_column type=&#8220;1_2&#8243; _builder_version=&#8220;4.18.0&#8243; _module_preset=&#8220;default&#8220; global_colors_info=&#8220;{}&#8220;][et_pb_text _builder_version=&#8220;4.25.1&#8243; _module_preset=&#8220;f726c6b6-2fde-4699-9f43-6b2cebd4d1d9&#8243; text_font=&#8220;Nanum Gothic||||||||&#8220; header_font=&#8220;Nanum Gothic||||||||&#8220; header_5_font=&#8220;Nanum Gothic||||||||&#8220; header_5_text_color=&#8220;#000000&#8243; header_5_line_height=&#8220;1.4em&#8220; custom_margin=&#8220;||0px||false|false&#8220; header_5_font_size_tablet=&#8220;16px&#8220; header_5_font_size_phone=&#8220;14px&#8220; header_5_font_size_last_edited=&#8220;on|desktop&#8220; global_colors_info=&#8220;{}&#8220;]<\/p>\n<h5>Die Sopriv AG ist eine Immobiliengesellschaft mit Sitz in Z\u00fcrich,\u00a0die seit 2008 besteht. Der Name SOPRIV wurde aus ihrem vollen Namen\u00a0<b>SO<\/b>CIET\u00c9\u00a0<b>PRIV<\/b>\u00c9E DES INVESTISSEMENTS gebildet.<\/h5>\n<h5><span>Sie bezweckt den Kauf, den Verkauf, die Verwaltung, die Belastung und Vermietung von Grundeigentum im In- und Ausland, mit Ausnahme von Gesch\u00e4ften, die durch das Bundesgesetz \u00fcber den Erwerb von Grundst\u00fccken durch Personen im Ausland untersagt sind.<\/span><\/h5>\n<p><span><\/span><\/p>\n<p>[\/et_pb_text][et_pb_text _builder_version=&#8220;4.25.1&#8243; _module_preset=&#8220;f726c6b6-2fde-4699-9f43-6b2cebd4d1d9&#8243; header_5_font=&#8220;Nanum Gothic||||||||&#8220; header_5_text_color=&#8220;#000000&#8243; header_5_line_height=&#8220;1.4em&#8220; custom_margin=&#8220;||0px||false|false&#8220; header_5_font_size_tablet=&#8220;16px&#8220; header_5_font_size_phone=&#8220;14px&#8220; header_5_font_size_last_edited=&#8220;on|desktop&#8220; global_colors_info=&#8220;{}&#8220;]<\/p>\n<h5>Wir behandeln Ihr Anliegen mit Diskretion.<\/h5>\n<p>[\/et_pb_text][\/et_pb_column][\/et_pb_row][\/et_pb_section]<\/p>\n","protected":false},"excerpt":{"rendered":"<p>SOPRIV AG Private Immobilienfirma mit individuellem Service Wir sind auf die Anlage von Privatverm\u00f6gen im Immobilienbereich spezialisiert und kaufen und bewirtschaften Immobilien. Aktuell Wir suchen ein zentralgelegenes kleines Objekt mit einem Ladenlokal in Z\u00fcrich oder Winterthur Die Sopriv AG ist eine Immobiliengesellschaft mit Sitz in Z\u00fcrich,\u00a0die seit 2008 besteht. Der Name SOPRIV wurde aus ihrem [&hellip;]<\/p>\n","protected":false},"author":2,"featured_media":0,"parent":0,"menu_order":0,"comment_status":"closed","ping_status":"closed","template":"","meta":{"_et_pb_use_builder":"on","_et_pb_old_content":"","_et_gb_content_width":"","footnotes":""},"yoast_head":"<!-- This site is optimized with the Yoast SEO plugin v24.5 - https:\/\/yoast.com\/wordpress\/plugins\/seo\/ -->\n<title>Home - SOPRIV AG, Z\u00dcRICH<\/title>\n<meta name=\"robots\" content=\"index, follow, max-snippet:-1, max-image-preview:large, max-video-preview:-1\" \/>\n<link rel=\"canonical\" href=\"https:\/\/sopriv.ch\/\" \/>\n<meta property=\"og:locale\" content=\"de_DE\" \/>\n<meta property=\"og:type\" content=\"article\" \/>\n<meta property=\"og:title\" content=\"Home - SOPRIV AG, Z\u00dcRICH\" \/>\n<meta property=\"og:description\" content=\"SOPRIV AG Private Immobilienfirma mit individuellem Service Wir sind auf die Anlage von Privatverm\u00f6gen im Immobilienbereich spezialisiert und kaufen und bewirtschaften Immobilien. Aktuell Wir suchen ein zentralgelegenes kleines Objekt mit einem Ladenlokal in Z\u00fcrich oder Winterthur Die Sopriv AG ist eine Immobiliengesellschaft mit Sitz in Z\u00fcrich,\u00a0die seit 2008 besteht. Der Name SOPRIV wurde aus ihrem [&hellip;]\" \/>\n<meta property=\"og:url\" content=\"https:\/\/sopriv.ch\/\" \/>\n<meta property=\"og:site_name\" content=\"SOPRIV AG, Z\u00dcRICH\" \/>\n<meta property=\"article:modified_time\" content=\"2024-05-26T07:15:19+00:00\" \/>\n<meta name=\"twitter:card\" content=\"summary_large_image\" \/>\n<meta name=\"twitter:label1\" content=\"Gesch\u00e4tzte Lesezeit\" \/>\n\t<meta name=\"twitter:data1\" content=\"2\u00a0Minuten\" \/>\n<script type=\"application\/ld+json\" class=\"yoast-schema-graph\">{\"@context\":\"https:\/\/schema.org\",\"@graph\":[{\"@type\":\"WebPage\",\"@id\":\"https:\/\/sopriv.ch\/\",\"url\":\"https:\/\/sopriv.ch\/\",\"name\":\"Home - SOPRIV AG, Z\u00dcRICH\",\"isPartOf\":{\"@id\":\"https:\/\/sopriv.ch\/#website\"},\"datePublished\":\"2024-05-15T08:00:09+00:00\",\"dateModified\":\"2024-05-26T07:15:19+00:00\",\"breadcrumb\":{\"@id\":\"https:\/\/sopriv.ch\/#breadcrumb\"},\"inLanguage\":\"de\",\"potentialAction\":[{\"@type\":\"ReadAction\",\"target\":[\"https:\/\/sopriv.ch\/\"]}]},{\"@type\":\"BreadcrumbList\",\"@id\":\"https:\/\/sopriv.ch\/#breadcrumb\",\"itemListElement\":[{\"@type\":\"ListItem\",\"position\":1,\"name\":\"Home\",\"item\":\"https:\/\/sopriv.ch\/\"},{\"@type\":\"ListItem\",\"position\":2,\"name\":\"Home\"}]},{\"@type\":\"WebSite\",\"@id\":\"https:\/\/sopriv.ch\/#website\",\"url\":\"https:\/\/sopriv.ch\/\",\"name\":\"SOPRIV AG, Z\u00dcRICH\",\"description\":\"Immobilien kaufen, verkaufen und verwalten\",\"potentialAction\":[{\"@type\":\"SearchAction\",\"target\":{\"@type\":\"EntryPoint\",\"urlTemplate\":\"https:\/\/sopriv.ch\/?s={search_term_string}\"},\"query-input\":{\"@type\":\"PropertyValueSpecification\",\"valueRequired\":true,\"valueName\":\"search_term_string\"}}],\"inLanguage\":\"de\"}]}<\/script>\n<!-- \/ Yoast SEO plugin. -->","yoast_head_json":{"title":"Home - SOPRIV AG, Z\u00dcRICH","robots":{"index":"index","follow":"follow","max-snippet":"max-snippet:-1","max-image-preview":"max-image-preview:large","max-video-preview":"max-video-preview:-1"},"canonical":"https:\/\/sopriv.ch\/","og_locale":"de_DE","og_type":"article","og_title":"Home - SOPRIV AG, Z\u00dcRICH","og_description":"SOPRIV AG Private Immobilienfirma mit individuellem Service Wir sind auf die Anlage von Privatverm\u00f6gen im Immobilienbereich spezialisiert und kaufen und bewirtschaften Immobilien. Aktuell Wir suchen ein zentralgelegenes kleines Objekt mit einem Ladenlokal in Z\u00fcrich oder Winterthur Die Sopriv AG ist eine Immobiliengesellschaft mit Sitz in Z\u00fcrich,\u00a0die seit 2008 besteht. Der Name SOPRIV wurde aus ihrem [&hellip;]","og_url":"https:\/\/sopriv.ch\/","og_site_name":"SOPRIV AG, Z\u00dcRICH","article_modified_time":"2024-05-26T07:15:19+00:00","twitter_card":"summary_large_image","twitter_misc":{"Gesch\u00e4tzte Lesezeit":"2\u00a0Minuten"},"schema":{"@context":"https:\/\/schema.org","@graph":[{"@type":"WebPage","@id":"https:\/\/sopriv.ch\/","url":"https:\/\/sopriv.ch\/","name":"Home - SOPRIV AG, Z\u00dcRICH","isPartOf":{"@id":"https:\/\/sopriv.ch\/#website"},"datePublished":"2024-05-15T08:00:09+00:00","dateModified":"2024-05-26T07:15:19+00:00","breadcrumb":{"@id":"https:\/\/sopriv.ch\/#breadcrumb"},"inLanguage":"de","potentialAction":[{"@type":"ReadAction","target":["https:\/\/sopriv.ch\/"]}]},{"@type":"BreadcrumbList","@id":"https:\/\/sopriv.ch\/#breadcrumb","itemListElement":[{"@type":"ListItem","position":1,"name":"Home","item":"https:\/\/sopriv.ch\/"},{"@type":"ListItem","position":2,"name":"Home"}]},{"@type":"WebSite","@id":"https:\/\/sopriv.ch\/#website","url":"https:\/\/sopriv.ch\/","name":"SOPRIV AG, Z\u00dcRICH","description":"Immobilien kaufen, verkaufen und verwalten","potentialAction":[{"@type":"SearchAction","target":{"@type":"EntryPoint","urlTemplate":"https:\/\/sopriv.ch\/?s={search_term_string}"},"query-input":{"@type":"PropertyValueSpecification","valueRequired":true,"valueName":"search_term_string"}}],"inLanguage":"de"}]}},"jetpack_sharing_enabled":true,"_links":{"self":[{"href":"https:\/\/sopriv.ch\/index.php\/wp-json\/wp\/v2\/pages\/28"}],"collection":[{"href":"https:\/\/sopriv.ch\/index.php\/wp-json\/wp\/v2\/pages"}],"about":[{"href":"https:\/\/sopriv.ch\/index.php\/wp-json\/wp\/v2\/types\/page"}],"author":[{"embeddable":true,"href":"https:\/\/sopriv.ch\/index.php\/wp-json\/wp\/v2\/users\/2"}],"replies":[{"embeddable":true,"href":"https:\/\/sopriv.ch\/index.php\/wp-json\/wp\/v2\/comments?post=28"}],"version-history":[{"count":34,"href":"https:\/\/sopriv.ch\/index.php\/wp-json\/wp\/v2\/pages\/28\/revisions"}],"predecessor-version":[{"id":160,"href":"https:\/\/sopriv.ch\/index.php\/wp-json\/wp\/v2\/pages\/28\/revisions\/160"}],"wp:attachment":[{"href":"https:\/\/sopriv.ch\/index.php\/wp-json\/wp\/v2\/media?parent=28"}],"curies":[{"name":"wp","href":"https:\/\/api.w.org\/{rel}","templated":true}]}}